{"id":1455,"date":"2025-11-17T12:24:41","date_gmt":"2025-11-17T12:24:41","guid":{"rendered":"https:\/\/lussooutdoor.com\/?page_id=1455"},"modified":"2025-11-26T20:26:40","modified_gmt":"2025-11-26T20:26:40","slug":"notre-qualite","status":"publish","type":"page","link":"https:\/\/lussooutdoor.com\/fr\/onze-kwaliteit\/","title":{"rendered":"Notre qualit\u00e9"},"content":{"rendered":"<section class=\"default-block beleef-area\">\n\t<div class=\"container\">\n\t\t<div class=\"beleef-content\">\n\t\t\t\t\t\t\t<h2>Une qualit\u00e9 in\u00e9gal\u00e9e, partout<\/h2>\n\t\t\t\t\t\n\t\t\t\t\t\n\t\t\t\t\t\t\t<div class=\"content\">\n\t\t\t\t\t<p>D'Ibiza \u00e0 Cura\u00e7ao, des jardins sur les toits aux terrasses priv\u00e9es : LUSSO Outdoor est synonyme de cuisines ext\u00e9rieures de qualit\u00e9 sup\u00e9rieure. Nos armoires design sont con\u00e7ues, fabriqu\u00e9es et soigneusement finies aux Pays-Bas par des artisans exp\u00e9riment\u00e9s, afin que le style, la fonctionnalit\u00e9 et la durabilit\u00e9 aillent de pair....<\/p>\n\t\t\t\t\t\t\t\t\t<\/div>\n\t\t\t\t\t<\/div>\n\t<\/div>\n<\/section>\n\n\n<section class=\"default-block tekst-media with-margin rechts bg-none\">\n\t<div class=\"container container-large\">\n        <div class=\"row align-items-center justify-content-center\">\n            <div class=\"flex align-items-center justify-content-between row-gap-3 flex-row\">\n                                    <div class=\"kolom\">\n                        <div class=\"big-card-without-thumb\">\n                                                        <h3>Aluminium marin de premi\u00e8re qualit\u00e9<\/h3>\n<p>Notre aluminium marin de haute qualit\u00e9 allie r\u00e9sistance et l\u00e9g\u00e8ret\u00e9 : il est deux fois plus \u00e9pais que l'acier inoxydable standard, mais reste \u00e9tonnamment l\u00e9ger. Id\u00e9al pour les applications sur les toits-terrasses, les patios et autres espaces ext\u00e9rieurs, ce mat\u00e9riau est facile \u00e0 transporter et \u00e0 installer.<\/p>\n<p>L'aluminium d\u00e9fie sans effort les conditions climatiques extr\u00eames telles que la neige, la glace, l'eau sal\u00e9e et l'humidit\u00e9 \u00e9lev\u00e9e, en conservant sa qualit\u00e9 durable et son apparence \u00e9l\u00e9gante pendant des ann\u00e9es. Ses propri\u00e9t\u00e9s de faible entretien permettent \u00e9galement \u00e0 votre cuisine ext\u00e9rieure de conserver son aspect neuf, saison apr\u00e8s saison.<\/p>\n                                                    <\/div>\n                    <\/div>\n                \n                                    <div\n                        class=\"kolom afbeelding\"\n                                            >\n                    \n                        <img loading=\"lazy\" decoding=\"async\" width=\"768\" height=\"1152\" src=\"https:\/\/lussooutdoor.com\/wp-content\/uploads\/2025\/11\/12-HS_09544-768x1152.jpg\" class=\"w-100\" alt=\"\" srcset=\"https:\/\/lussooutdoor.com\/wp-content\/uploads\/2025\/11\/12-HS_09544-768x1152.jpg 768w, https:\/\/lussooutdoor.com\/wp-content\/uploads\/2025\/11\/12-HS_09544-200x300.jpg 200w, https:\/\/lussooutdoor.com\/wp-content\/uploads\/2025\/11\/12-HS_09544-683x1024.jpg 683w, https:\/\/lussooutdoor.com\/wp-content\/uploads\/2025\/11\/12-HS_09544-1024x1536.jpg 1024w, https:\/\/lussooutdoor.com\/wp-content\/uploads\/2025\/11\/12-HS_09544.jpg 1339w\" sizes=\"auto, (max-width: 768px) 100vw, 768px\" \/>                                            <\/div>\n                \n                \n            <\/div>\n        <\/div>\n\t<\/div>\n<\/section>\n\n\n\n<section class=\"default-block tekst-media with-margin links bg-none\">\n\t<div class=\"container container-large\">\n        <div class=\"row align-items-center justify-content-center\">\n            <div class=\"flex align-items-center justify-content-between row-gap-3 flex-row-reverse\">\n                                    <div class=\"kolom\">\n                        <div class=\"big-card-without-thumb\">\n                                                        <h3>Acier inoxydable 304 &amp; 316 pour usage ext\u00e9rieur<\/h3>\n<p>Pour les rails de porte, les charni\u00e8res, les poign\u00e9es et les pieds r\u00e9glables, nous utilisons de l'acier inoxydable 304 de haute qualit\u00e9, particuli\u00e8rement adapt\u00e9 aux conditions ext\u00e9rieures.<\/p>\n<p>Pour une protection suppl\u00e9mentaire contre les exigences s\u00e9v\u00e8res des environnements marins, nous proposons \u00e9galement de l'acier inoxydable 316 de qualit\u00e9 ext\u00e9rieure, qui r\u00e9siste mieux \u00e0 l'eau sal\u00e9e et \u00e0 l'air humide.<\/p>\n                                                    <\/div>\n                    <\/div>\n                \n                                    <div\n                        class=\"kolom afbeelding\"\n                                            >\n                    \n                        <img loading=\"lazy\" decoding=\"async\" width=\"768\" height=\"1152\" src=\"https:\/\/lussooutdoor.com\/wp-content\/uploads\/2025\/11\/HS_06773-768x1152.jpg\" class=\"w-100\" alt=\"\" srcset=\"https:\/\/lussooutdoor.com\/wp-content\/uploads\/2025\/11\/HS_06773-768x1152.jpg 768w, https:\/\/lussooutdoor.com\/wp-content\/uploads\/2025\/11\/HS_06773-200x300.jpg 200w, https:\/\/lussooutdoor.com\/wp-content\/uploads\/2025\/11\/HS_06773-683x1024.jpg 683w, https:\/\/lussooutdoor.com\/wp-content\/uploads\/2025\/11\/HS_06773-1024x1536.jpg 1024w, https:\/\/lussooutdoor.com\/wp-content\/uploads\/2025\/11\/HS_06773-scaled.jpg 1707w\" sizes=\"auto, (max-width: 768px) 100vw, 768px\" \/>                                            <\/div>\n                \n                \n            <\/div>\n        <\/div>\n\t<\/div>\n<\/section>\n\n\n<section class=\"default-block beleef-area\">\n\t<div class=\"container\">\n\t\t<div class=\"beleef-content\">\n\t\t\t\t\t\n\t\t\t\t\t\t\t<div class=\"subtitle\">\n\t\t\t\t\t<div class=\"subtitle-line\"><\/div>\n\t\t\t\t\t<span>Rev\u00eatement en poudre durable avec Sherwin-Williams Powdura\u00ae ECO<\/span>\n\t\t\t\t\t<div class=\"subtitle-line\"><\/div>\n\t\t\t\t<\/div>\n\t\t\t\t\t\n\t\t\t\t\t\t\t<div class=\"content\">\n\t\t\t\t\t<p>Nous recouvrons nos produits et accessoires avec le rev\u00eatement en poudre de haute qualit\u00e9 Powdura\u00ae ECO de Sherwin-Williams - une finition durable et industriellement avanc\u00e9e. Gr\u00e2ce \u00e0 l'utilisation de plastique recycl\u00e9 (jusqu'\u00e0 25%) et de r\u00e9sines polyester de haute qualit\u00e9, ce rev\u00eatement offre une r\u00e9sistance exceptionnelle aux UV, une excellente tenue des couleurs, une r\u00e9tention de la brillance et une protection contre la corrosion, m\u00eame dans des conditions ext\u00e9rieures extr\u00eames. Avec Powdura\u00ae ECO, nous garantissons non seulement une belle apparence, mais aussi une qualit\u00e9 et une protection \u00e0 long terme dans n'importe quel climat ext\u00e9rieur.<\/p>\n\t\t\t\t\t\t\t\t\t<\/div>\n\t\t\t\t\t<\/div>\n\t<\/div>\n<\/section>\n\n<section class=\"default-block tekst-kolommen with-margin links met-border\">\n\t<div class=\"container\">\n\t\t\t\t\t<div class=\"row row-gap-3\">\n\t\t\t\t\t\t\t\t\t\t\t\t\t\t<div class=\"col-12 col-md-6 col-lg-3\">\n\t\t\t\t\t\t<div class=\"kolom-1 kolom\">\n\t\t\t\t\t\t\t<div class=\"tekst\">\n\t\t\t\t\t\t\t\t<p><img loading=\"lazy\" decoding=\"async\" class=\"alignnone size-full wp-image-1511\" src=\"https:\/\/lussooutdoor.com\/wp-content\/uploads\/2025\/11\/Weather-Day-Hail-Streamline-Freehand.png\" alt=\"\" width=\"48\" height=\"48\" \/><\/p>\n<p><strong>Durable<\/strong><br \/>\nFormule 4 saisons qui r\u00e9siste aux rayures, \u00e0 la d\u00e9coloration et aux taches, m\u00eame dans les climats les plus rudes.<\/p>\n\t\t\t\t\t\t\t<\/div>\n\t\t\t\t\t\t<\/div>\n\t\t\t\t\t<\/div>\n\t\t\t\t\t\t\t\t\t\t\t\t\t\t<div class=\"col-12 col-md-6 col-lg-3\">\n\t\t\t\t\t\t<div class=\"kolom-2 kolom\">\n\t\t\t\t\t\t\t<div class=\"tekst\">\n\t\t\t\t\t\t\t\t<p><img loading=\"lazy\" decoding=\"async\" class=\"alignnone wp-image-1508 size-full\" src=\"https:\/\/lussooutdoor.com\/wp-content\/uploads\/2025\/11\/Security-Shield-Check-Streamline-Freehand.png\" alt=\"\" width=\"48\" height=\"48\" \/><\/p>\n<p><strong>Anti Microball<\/strong><br \/>\nPropri\u00e9t\u00e9s antimicrobiennes enti\u00e8rement naturelles int\u00e9gr\u00e9es pour une s\u00e9curit\u00e9 et une fra\u00eecheur maximales.<\/p>\n\t\t\t\t\t\t\t<\/div>\n\t\t\t\t\t\t<\/div>\n\t\t\t\t\t<\/div>\n\t\t\t\t\t\t\t\t\t\t\t\t\t\t<div class=\"col-12 col-md-6 col-lg-3\">\n\t\t\t\t\t\t<div class=\"kolom-3 kolom\">\n\t\t\t\t\t\t\t<div class=\"tekst\">\n\t\t\t\t\t\t\t\t<p><img loading=\"lazy\" decoding=\"async\" class=\"alignnone wp-image-1509 size-full\" src=\"https:\/\/lussooutdoor.com\/wp-content\/uploads\/2025\/11\/Ecology-Leaf-Streamline-Freehand.png\" alt=\"\" width=\"48\" height=\"48\" \/><\/p>\n<p><b>Approuv\u00e9 par la FDA<br \/>\n<\/b>Mat\u00e9riaux et proc\u00e9d\u00e9s respectueux de l'environnement.<\/p>\n\t\t\t\t\t\t\t<\/div>\n\t\t\t\t\t\t<\/div>\n\t\t\t\t\t<\/div>\n\t\t\t\t\t\t\t\t\t\t\t\t\t\t<div class=\"col-12 col-md-6 col-lg-3\">\n\t\t\t\t\t\t<div class=\"kolom-4 kolom\">\n\t\t\t\t\t\t\t<div class=\"tekst\">\n\t\t\t\t\t\t\t\t<p><img loading=\"lazy\" decoding=\"async\" class=\"alignnone wp-image-1510 size-full aligncenter\" src=\"https:\/\/lussooutdoor.com\/wp-content\/uploads\/2025\/11\/Color-Painting-Palette-Streamline-Freehand.png\" alt=\"\" width=\"48\" height=\"48\" \/><\/p>\n<p><b>Couleurs sp\u00e9ciales<br \/>\n<\/b>Une collection d\u00e9velopp\u00e9e en collaboration avec des designers embl\u00e9matiques.<\/p>\n\t\t\t\t\t\t\t<\/div>\n\t\t\t\t\t\t<\/div>\n\t\t\t\t\t<\/div>\n\t\t\t\t\t\t\t<\/div>\n\t\t\t<\/div>\n<\/section>\n\n\n\n<section class=\"default-block tekst-media with-margin links bg-none\">\n\t<div class=\"container container-large\">\n        <div class=\"row align-items-center justify-content-center\">\n            <div class=\"flex align-items-center justify-content-between row-gap-3 flex-row-reverse\">\n                                    <div class=\"kolom\">\n                        <div class=\"big-card-without-thumb\">\n                                                        <h3>Marazzi The Top<\/h3>\n<p>Un style et des performances ultimes pour toutes les pi\u00e8ces<\/p>\n<p>L'innovation technologique, la sophistication esth\u00e9tique et la polyvalence in\u00e9gal\u00e9e se retrouvent dans The Top, la collection de grandes dalles en gr\u00e8s c\u00e9rame de Marazzi, sp\u00e9cialement con\u00e7ues pour les plans de travail, les dosserets, les tables, les portes et d'innombrables solutions d'ameublement sur mesure, tant pour les espaces r\u00e9sidentiels que commerciaux.<\/p>\n<p>Les dalles The Top's sont exceptionnellement durables, faciles \u00e0 installer et \u00e0 nettoyer, extr\u00eamement r\u00e9sistantes aux taches, aux acides et aux moisissures, ignifuges et con\u00e7ues pour une hygi\u00e8ne maximale. Qu'il s'agisse de cuisines, de tables, de plans de travail ou d'autres applications sur mesure, ces dalles offrent une parfaite continuit\u00e9 stylistique et allient une grande souplesse d'utilisation aux plus hauts niveaux de s\u00e9curit\u00e9 et d'hygi\u00e8ne.<\/p>\n<p>Le Top est disponible en \u00e9paisseurs de 6 mm, 12 mm et 20 mm, avec de nouveaux aspects mat\u00e9riels exclusifs et des propri\u00e9t\u00e9s antibact\u00e9riennes gr\u00e2ce \u00e0 la technologie avanc\u00e9e Puro. Chaque panneau est produit dans une usine enti\u00e8rement d\u00e9di\u00e9e \u00e0 cette collection, garantissant une facilit\u00e9 de travail imbattable, avec des surfaces mates, satin\u00e9es ou brillantes qui sont \u00e0 la fois \u00e9l\u00e9gantes, durables et hygi\u00e9niques.<\/p>\n<p>Avec The Top, chaque pi\u00e8ce devient non seulement visuellement impressionnante, mais aussi fonctionnelle, s\u00fbre et facile \u00e0 entretenir - une combinaison parfaite de beaut\u00e9 et de performance.<\/p>\n                                                    <\/div>\n                    <\/div>\n                \n                                    <div\n                        class=\"kolom afbeelding\"\n                                            >\n                    \n                        <img loading=\"lazy\" decoding=\"async\" width=\"768\" height=\"1152\" src=\"https:\/\/lussooutdoor.com\/wp-content\/uploads\/2025\/11\/02-HS_09301-768x1152.jpg\" class=\"w-100\" alt=\"\" srcset=\"https:\/\/lussooutdoor.com\/wp-content\/uploads\/2025\/11\/02-HS_09301-768x1152.jpg 768w, https:\/\/lussooutdoor.com\/wp-content\/uploads\/2025\/11\/02-HS_09301-200x300.jpg 200w, https:\/\/lussooutdoor.com\/wp-content\/uploads\/2025\/11\/02-HS_09301-682x1024.jpg 682w, https:\/\/lussooutdoor.com\/wp-content\/uploads\/2025\/11\/02-HS_09301-1024x1536.jpg 1024w, https:\/\/lussooutdoor.com\/wp-content\/uploads\/2025\/11\/02-HS_09301.jpg 1333w\" sizes=\"auto, (max-width: 768px) 100vw, 768px\" \/>                                            <\/div>\n                \n                \n            <\/div>\n        <\/div>\n\t<\/div>\n<\/section>\n\n\n\n<section class=\"default-block tekst-media with-margin rechts bg-none\">\n\t<div class=\"container container-large\">\n        <div class=\"row align-items-center justify-content-center\">\n            <div class=\"flex align-items-center justify-content-between row-gap-3 flex-row\">\n                                    <div class=\"kolom\">\n                        <div class=\"big-card-without-thumb\">\n                                                        <h2>Con\u00e7u en Hollande<\/h2>\n<p>Depuis notre c\u0153ur aux Pays-Bas, nous cr\u00e9ons des cuisines d'ext\u00e9rieur o\u00f9 le design et la fonctionnalit\u00e9 se rejoignent. La cr\u00e9ation d'environnements ext\u00e9rieurs \u00e9l\u00e9gants et r\u00e9fl\u00e9chis n'est pas seulement notre passion, mais aussi notre inspiration quotidienne.<\/p>\n                                                    <\/div>\n                    <\/div>\n                \n                                    <div\n                        class=\"kolom afbeelding\"\n                                            >\n                    \n                        <img loading=\"lazy\" decoding=\"async\" width=\"768\" height=\"1152\" src=\"https:\/\/lussooutdoor.com\/wp-content\/uploads\/2025\/11\/HS_00599-kopie-768x1152.jpg\" class=\"w-100\" alt=\"\" srcset=\"https:\/\/lussooutdoor.com\/wp-content\/uploads\/2025\/11\/HS_00599-kopie-768x1152.jpg 768w, https:\/\/lussooutdoor.com\/wp-content\/uploads\/2025\/11\/HS_00599-kopie-200x300.jpg 200w, https:\/\/lussooutdoor.com\/wp-content\/uploads\/2025\/11\/HS_00599-kopie-683x1024.jpg 683w, https:\/\/lussooutdoor.com\/wp-content\/uploads\/2025\/11\/HS_00599-kopie-1024x1536.jpg 1024w, https:\/\/lussooutdoor.com\/wp-content\/uploads\/2025\/11\/HS_00599-kopie-1366x2048.jpg 1366w, https:\/\/lussooutdoor.com\/wp-content\/uploads\/2025\/11\/HS_00599-kopie-scaled.jpg 1707w\" sizes=\"auto, (max-width: 768px) 100vw, 768px\" \/>                                            <\/div>\n                \n                \n            <\/div>\n        <\/div>\n\t<\/div>\n<\/section>","protected":false},"excerpt":{"rendered":"","protected":false},"author":4,"featured_media":1555,"parent":0,"menu_order":0,"comment_status":"closed","ping_status":"closed","template":"","meta":{"_acf_changed":false,"footnotes":""},"class_list":["post-1455","page","type-page","status-publish","has-post-thumbnail","hentry"],"acf":[],"_links":{"self":[{"href":"https:\/\/lussooutdoor.com\/fr\/wp-json\/wp\/v2\/pages\/1455","targetHints":{"allow":["GET"]}}],"collection":[{"href":"https:\/\/lussooutdoor.com\/fr\/wp-json\/wp\/v2\/pages"}],"about":[{"href":"https:\/\/lussooutdoor.com\/fr\/wp-json\/wp\/v2\/types\/page"}],"author":[{"embeddable":true,"href":"https:\/\/lussooutdoor.com\/fr\/wp-json\/wp\/v2\/users\/4"}],"replies":[{"embeddable":true,"href":"https:\/\/lussooutdoor.com\/fr\/wp-json\/wp\/v2\/comments?post=1455"}],"version-history":[{"count":5,"href":"https:\/\/lussooutdoor.com\/fr\/wp-json\/wp\/v2\/pages\/1455\/revisions"}],"predecessor-version":[{"id":1749,"href":"https:\/\/lussooutdoor.com\/fr\/wp-json\/wp\/v2\/pages\/1455\/revisions\/1749"}],"wp:featuredmedia":[{"embeddable":true,"href":"https:\/\/lussooutdoor.com\/fr\/wp-json\/wp\/v2\/media\/1555"}],"wp:attachment":[{"href":"https:\/\/lussooutdoor.com\/fr\/wp-json\/wp\/v2\/media?parent=1455"}],"curies":[{"name":"wp","href":"https:\/\/api.w.org\/{rel}","templated":true}]}}